{"id":10,"date":"2014-12-19T22:22:57","date_gmt":"2014-12-20T03:22:57","guid":{"rendered":"http:\/\/www.kevenarseneault.com\/?page_id=10"},"modified":"2020-09-23T09:06:58","modified_gmt":"2020-09-23T13:06:58","slug":"biographie","status":"publish","type":"page","link":"https:\/\/www.kevenarseneault.com\/fr\/biographie\/","title":{"rendered":"Biographie"},"content":{"rendered":"<p><\/p>\n<div class=\"section\">\n<div class=\"layoutArea\">\n<div class=\"column\">\n<p><a href=\"http:\/\/www.kevenarseneault.com\/wp-content\/uploads\/2014\/12\/kevenphoto.jpg\" rel=\"fancybox[10]\"><img loading=\"lazy\" class=\"size-medium wp-image-243 aligncenter\" src=\"http:\/\/www.kevenarseneault.com\/wp-content\/uploads\/2014\/12\/kevenphoto-300x241.jpg\" alt=\"Keven Arseneault\" width=\"300\" height=\"241\" srcset=\"https:\/\/www.kevenarseneault.com\/wp-content\/uploads\/2014\/12\/kevenphoto-300x241.jpg 300w, https:\/\/www.kevenarseneault.com\/wp-content\/uploads\/2014\/12\/kevenphoto.jpg 541w\" sizes=\"(max-width: 300px) 100vw, 300px\" \/><\/a><\/p>\n<h3>Qui est Keven Arseneault\u00a0?<\/h3>\n<p>Keven Arseneault est un passionn\u00e9 de\u00a0l\u2019entra\u00eenement et de la nutrition. Ayant go\u00fbt\u00e9\u00a0au monde du conditionnement physique tr\u00e8s\u00a0jeune, il a vite su qu\u2019il ferait de sa passion son\u00a0m\u00e9tier. Il a donc \u00e9volu\u00e9 travaillant d\u2019un gym \u00e0\u00a0un autre durant ces 17 derni\u00e8res ann\u00e9es.<\/p>\n<p>Il a\u00a0\u00e9t\u00e9 directeur adjoint et directeur scientifique\u00a0chez Hardgym\u00a0Performance, soit un centre de performance\u00a0situ\u00e9 en plein c\u0153ur de Qu\u00e9bec, o\u00f9 il s\u2019est\u00a0occup\u00e9, par l\u2019entremise de celui-\u00adci, de\u00a0l\u2019entra\u00eenement et\/ou de la nutrition de\u00a0plusieurs sportifs de haut niveau tels que des\u00a0joueurs de football de la CFL, des joueurs de\u00a0hockey de la NHL et de la ligue junior\u00a0majeure du Qu\u00e9bec (Remparts de Qu\u00e9bec,\u00a0Screaming Eagles du Cap-\u00adBreton), d\u2019hommes\u00a0forts sur le circuit mondial (World Strongest\u00a0Man), de pompiers comp\u00e9titionnant sur le\u00a0circuit international\u00a0de Firefit (dont Claude B\u00e9langer, champion mondial) et bien plus.<\/p>\n<p>De\u00a0plus, avec les ann\u00e9es, il s\u2019est acquis une sp\u00e9cialit\u00e9 entourant le monde de l\u2019entra\u00eenement des m\u00e9tiers tactiques et op\u00e9rationnels (pompiers, policiers, ambulanciers, garde du corps, GRC, arm\u00e9e, etc.). De ce fait, il travaille\u00a0toujours\u00a0actuellement de fa\u00e7on tr\u00e8s \u00e9troite avec le service d\u2019incendie de la ville de Qu\u00e9bec afin d\u2019am\u00e9liorer le volet de la sant\u00e9 et de la pr\u00e9vention en mettant \u00e0 profit ses champs d\u2019expertise. Par exemple, en 2014, il a innov\u00e9 en mati\u00e8re de conditionnement physique en proposant un syst\u00e8me d\u2019entra\u00eenement reposant sur des boyaux us\u00e9s r\u00e9cup\u00e9r\u00e9s \u00e0 titre d\u2019outil pour faire des exercices de musculation chez les pompiers sur leurs lieux de travail. Keven a travaill\u00e9 \u00e9galement avec la Sopfeu ainsi que le corps policier de la ville de Qu\u00e9bec o\u00f9 il a apport\u00e9 son expertise dans le domaine de l\u2019entra\u00eenement et de la nutrition<\/p>\n<p>Par la suite, il est devenu copropri\u00e9taire de la succursale de Charny de la cha\u00eene des centres de conditionnement physique de Qu\u00e9bec Maxi Forme Fitness jusqu&rsquo;au printemps 2015. \u00c0 l&rsquo;\u00e9t\u00e9 de la m\u00eame ann\u00e9e, Keven a quitt\u00e9 la ville de Qu\u00e9bec o\u00f9 il a v\u00e9cu durant 10 ans afin de relever des nouveaux d\u00e9fis dans la grande m\u00e9tropole. Son bureau est actuellement situ\u00e9 dans la succursale du Progym de Montr\u00e9al (4500 boulevard hochelaga, Montr\u00e9al), soit le plus centre de conditionnement physique au Canada, o\u00f9 il g\u00e8re sa propre entreprise de services en mati\u00e8re d&rsquo;entra\u00eenement, de nutrition, de naturopathie, d&rsquo;\u00e9valuation de condition physique et de conf\u00e9rences (pour toutes informations, contactez le au : info@kevenarseneault.com).<\/p>\n<p><a href=\"http:\/\/www.kevenarseneault.com\/wp-content\/uploads\/2014\/12\/Logo_keven_RGB.jpg\" rel=\"fancybox[10]\"><img loading=\"lazy\" class=\"size-medium wp-image-441 aligncenter\" src=\"http:\/\/www.kevenarseneault.com\/wp-content\/uploads\/2014\/12\/Logo_keven_RGB-300x88.jpg\" alt=\"Logo_keven\" width=\"300\" height=\"88\" srcset=\"https:\/\/www.kevenarseneault.com\/wp-content\/uploads\/2014\/12\/Logo_keven_RGB-300x88.jpg 300w, https:\/\/www.kevenarseneault.com\/wp-content\/uploads\/2014\/12\/Logo_keven_RGB-1024x300.jpg 1024w, https:\/\/www.kevenarseneault.com\/wp-content\/uploads\/2014\/12\/Logo_keven_RGB.jpg 1323w\" sizes=\"(max-width: 300px) 100vw, 300px\" \/><\/a><\/p>\n<p>Sur le plan athl\u00e9tique, Keven a \u00e9volu\u00e9 en tant que sprinter sur 100m et 200m durant tout son secondaire pour se rediriger ensuite dans le monde du culturisme. Il cumule actuellement cinq comp\u00e9titions en tant que culturiste naturel (2004 \u00e0 2010) sur plan qu\u00e9b\u00e9cois et canadien et est d\u00e9tenteur d\u2019une premi\u00e8re position dans la cat\u00e9gorie mi-lourd lors d\u2019un championnat provincial test\u00e9. Durant ces ann\u00e9es, il a pu exp\u00e9rimenter divers protocoles nutritionnels et d\u2019entra\u00eenement afin de mieux\u00a0comprendre les \u00e9carts entre la th\u00e9orie et la pratique. C&rsquo;est en exp\u00e9rimentant la th\u00e9orie au niveau des techniques d&rsquo;entra\u00eenement que Keven con\u00e7oit en 2013 son tout premier livre \u00ab\u00a0Le Recueil des Techniques d&rsquo;Entra\u00eenement\u00a0\u00bb et sa version anglaise \u00ab\u00a0The Handbook of Training Techniques\u00a0\u00bb. Plus de 3000 exemplaires ont \u00e9t\u00e9 vendus. Par la suite, en 2020, la version 2.0 de ce recueil (revue et augment\u00e9e) a \u00e9t\u00e9 publi\u00e9 avec la compagnie d&rsquo;\u00e9ditions AMPHORA sous le titre \u00ab\u00a0La bible des strat\u00e9gies et planifications d&rsquo;entra\u00eenement\u00a0\u00bb.<\/p>\n<p><img loading=\"lazy\" class=\"aligncenter  wp-image-197\" src=\"https:\/\/www.kevenarseneault.com\/wp-content\/uploads\/2015\/01\/receuil-image.jpg\" alt=\"receuil image\" width=\"800\" height=\"1030\" srcset=\"https:\/\/www.kevenarseneault.com\/wp-content\/uploads\/2015\/01\/receuil-image.jpg 480w, https:\/\/www.kevenarseneault.com\/wp-content\/uploads\/2015\/01\/receuil-image-233x300.jpg 233w\" sizes=\"(max-width: 800px) 100vw, 800px\" \/><img loading=\"lazy\" class=\"aligncenter size-full wp-image-306\" src=\"https:\/\/www.kevenarseneault.com\/wp-content\/uploads\/2015\/03\/Handbook-of-training-techniques-1.jpg\" alt=\"RTE Introduction et table des mati\u00e8res copie_ENG\" width=\"800\" height=\"1035\" srcset=\"https:\/\/www.kevenarseneault.com\/wp-content\/uploads\/2015\/03\/Handbook-of-training-techniques-1.jpg 800w, https:\/\/www.kevenarseneault.com\/wp-content\/uploads\/2015\/03\/Handbook-of-training-techniques-1-232x300.jpg 232w, https:\/\/www.kevenarseneault.com\/wp-content\/uploads\/2015\/03\/Handbook-of-training-techniques-1-791x1024.jpg 791w\" sizes=\"(max-width: 800px) 100vw, 800px\" \/><img loading=\"lazy\" class=\"aligncenter  wp-image-879\" src=\"https:\/\/www.kevenarseneault.com\/wp-content\/uploads\/2020\/05\/Cover-final.jpeg\" alt=\"Cover final\" width=\"800\" height=\"914\" \/><\/p>\n<h3>Formation acad\u00e9mique<\/h3>\n<p>Au niveau de sa formation, Keven est tout d\u2019abord bachelier en kin\u00e9siologie de l\u2019Universit\u00e9 Laval o\u00f9 il a ensuite poursuivi ses \u00e9tudes au baccalaur\u00e9at en nutrition et dans un Dipl\u00f4me d&rsquo;\u00c9tudes Sup\u00e9rieures Sp\u00e9cialis\u00e9es (D.E.S.S.) en alimentation fonctionnelle et sant\u00e9 de la m\u00eame universit\u00e9. Il est ensuite devenu naturopathe en suivant sa formation \u00e0 l&rsquo;Institut de Formation Naturopathique (IFN)\u00a0et a compl\u00e9t\u00e9 sa ma\u00eetrise en kinanthropologie \u00e0 l&rsquo;UQAM.<\/p>\n<p>Il est \u00e9galement d\u00e9tenteur de la certification am\u00e9ricain reconnue C.S.C.S de la National Strength and Conditioning Association (NSCA) et poss\u00e8de son niveau 1 canadien en halt\u00e9rophilie du Programme National de Certification des Entra\u00eeneurs (PNCE).<\/p>\n<p>Sur le plan du partage\u00a0de ses connaissances, il a enseign\u00e9 l\u2019anatomie sur cadavres durant deux ans aux premi\u00e8res ann\u00e9es de kin\u00e9siologie \u00e0 l\u2019Universit\u00e9 Laval et a \u00e9t\u00e9 durant 7\u00a0ans assistant de cours dans ce m\u00eame programme (en plus d&rsquo;\u00eatre le VP acad\u00e9mique durant ses \u00e9tudes). Il a de plus particip\u00e9 \u00e0 des chroniques \u00e0 la radio, \u00e0 la t\u00e9l\u00e9vision et dans des webzines pour le sport, toujours au niveau de l\u2019entra\u00eenement et\/ou de la nutrition. Actuellement, il collabore avec les compagnies ATP-LAB (<a href=\"https:\/\/atplab.com\">https:\/\/atplab.com<\/a>) et FD Fitness (<a href=\"https:\/\/www.fdfitness.ca\">https:\/\/www.fdfitness.ca<\/a>) afin de partager ses connaissances et sa passion.<\/p>\n<h3>Entrepreneur<\/h3>\n<p><a href=\"http:\/\/www.forgingheroes.com\"><br \/>\n<\/a>Du c\u00f4t\u00e9 business, Keven est cofondateur et cr\u00e9ateur des produits <a href=\"http:\/\/www.forgingheroes.com\" target=\"_blank\">Forging Heroes<\/a>, qui se caract\u00e9rise comme \u00e9tant des suppl\u00e9ments destin\u00e9s principalement au monde de l\u2019entra\u00eenement fonctionnel. R\u00e9cemment, il s&rsquo;est toutefois retir\u00e9 de la compagnie pour concentrer ses efforts pour faire \u00e9voluer d&rsquo;autres sph\u00e8res de sa vie. Pour toutes informations sur ces produits, visitez le <a href=\"http:\/\/www.forgingheroes.com\" target=\"_blank\">www.forgingheroes.com<\/a>.<\/p>\n<\/div>\n<\/div>\n<div class=\"section\"><img loading=\"lazy\" class=\"wp-image-56 size-full aligncenter\" src=\"http:\/\/www.kevenarseneault.com\/wp-content\/uploads\/2014\/12\/printscreen-2014-12-20-\u00e0-15.58.46.png\" alt=\"printscreen 2014-12-20 \u00e0 15.58.46\" width=\"315\" height=\"129\" srcset=\"https:\/\/www.kevenarseneault.com\/wp-content\/uploads\/2014\/12\/printscreen-2014-12-20-\u00e0-15.58.46.png 315w, https:\/\/www.kevenarseneault.com\/wp-content\/uploads\/2014\/12\/printscreen-2014-12-20-\u00e0-15.58.46-300x123.png 300w\" sizes=\"(max-width: 315px) 100vw, 315px\" \/><\/div>\n<\/div>\n<div class=\"section\">Actuellement, Keven concentre ses efforts sur un site internet pour offrir de la formation continue (enti\u00e8rement \u00e0 distance) dans le domaine des suppl\u00e9ments alimentaires autant dans le domaine m\u00e9dicale que sportif, soit l&rsquo;Institut de Suppl\u00e9mentologie Appliqu\u00e9e (<a href=\"http:\/\/www.supplementologie.com\">www.supplementologie.com<\/a>).<\/div>\n<div class=\"section\"><img loading=\"lazy\" class=\"aligncenter wp-image-804\" src=\"https:\/\/www.kevenarseneault.com\/wp-content\/uploads\/2019\/01\/ISA_logo_couleur.png\" alt=\"ISA_logo_couleur\" width=\"255\" height=\"197\" \/><\/div>\n<p><\/p>","protected":false},"excerpt":{"rendered":"<p>Qui est Keven Arseneault\u00a0? Keven Arseneault est un passionn\u00e9 de\u00a0l\u2019entra\u00eenement et de la nutrition. Ayant go\u00fbt\u00e9\u00a0au monde du conditionnement physique tr\u00e8s\u00a0jeune, il a vite su qu\u2019il ferait de sa passion son\u00a0m\u00e9tier. Il a donc \u00e9volu\u00e9 travaillant d\u2019un gym \u00e0\u00a0un autre durant ces 17 derni\u00e8res ann\u00e9es. Il a\u00a0\u00e9t\u00e9 directeur adjoint et[&#8230;]<\/p>\n","protected":false},"author":1,"featured_media":0,"parent":0,"menu_order":0,"comment_status":"closed","ping_status":"open","template":"","meta":[],"_links":{"self":[{"href":"https:\/\/www.kevenarseneault.com\/fr\/wp-json\/wp\/v2\/pages\/10"}],"collection":[{"href":"https:\/\/www.kevenarseneault.com\/fr\/wp-json\/wp\/v2\/pages"}],"about":[{"href":"https:\/\/www.kevenarseneault.com\/fr\/wp-json\/wp\/v2\/types\/page"}],"author":[{"embeddable":true,"href":"https:\/\/www.kevenarseneault.com\/fr\/wp-json\/wp\/v2\/users\/1"}],"replies":[{"embeddable":true,"href":"https:\/\/www.kevenarseneault.com\/fr\/wp-json\/wp\/v2\/comments?post=10"}],"version-history":[{"count":26,"href":"https:\/\/www.kevenarseneault.com\/fr\/wp-json\/wp\/v2\/pages\/10\/revisions"}],"predecessor-version":[{"id":914,"href":"https:\/\/www.kevenarseneault.com\/fr\/wp-json\/wp\/v2\/pages\/10\/revisions\/914"}],"wp:attachment":[{"href":"https:\/\/www.kevenarseneault.com\/fr\/wp-json\/wp\/v2\/media?parent=10"}],"curies":[{"name":"wp","href":"https:\/\/api.w.org\/{rel}","templated":true}]}}